{"id":155,"date":"2022-09-01T15:25:05","date_gmt":"2022-09-01T13:25:05","guid":{"rendered":"http:\/\/www.happypolka.eu\/?page_id=155"},"modified":"2022-11-10T17:28:00","modified_gmt":"2022-11-10T16:28:00","slug":"zdrowie-z-natury","status":"publish","type":"page","link":"https:\/\/www.happypolka.eu\/index.php\/zdrowie-z-natury\/","title":{"rendered":"Zdrowie z natury"},"content":{"rendered":"\t\t<div data-elementor-type=\"wp-page\" data-elementor-id=\"155\" class=\"elementor elementor-155\">\n\t\t\t\t\t\t<section class=\"elementor-section elementor-top-section elementor-element elementor-element-3abdc24 elementor-section-boxed elementor-section-height-default elementor-section-height-default\" data-id=\"3abdc24\" data-element_type=\"section\" data-e-type=\"section\">\n\t\t\t\t\t\t<div class=\"elementor-container elementor-column-gap-default\">\n\t\t\t\t\t<div class=\"elementor-column elementor-col-100 elementor-top-column elementor-element elementor-element-0446efe\" data-id=\"0446efe\" data-element_type=\"column\" data-e-type=\"column\">\n\t\t\t<div class=\"elementor-widget-wrap elementor-element-populated\">\n\t\t\t\t\t\t<div class=\"elementor-element elementor-element-923a191 elementor-position-left elementor-vertical-align-top elementor-widget elementor-widget-image-box\" data-id=\"923a191\" data-element_type=\"widget\" data-e-type=\"widget\" data-widget_type=\"image-box.default\">\n\t\t\t\t<div class=\"elementor-widget-container\">\n\t\t\t\t\t<div class=\"elementor-image-box-wrapper\"><figure class=\"elementor-image-box-img\"><img decoding=\"async\" src=\"https:\/\/www.happypolka.eu\/wp-content\/plugins\/elementor\/assets\/images\/placeholder.png\" title=\"\" alt=\"\" loading=\"lazy\" \/><\/figure><div class=\"elementor-image-box-content\"><h3 class=\"elementor-image-box-title\">Ju\u017c wkr\u00f3tce....<\/h3><\/div><\/div>\t\t\t\t<\/div>\n\t\t\t\t<\/div>\n\t\t\t\t<div class=\"elementor-element elementor-element-f7acc7a elementor-align-center elementor-widget elementor-widget-button\" data-id=\"f7acc7a\" data-element_type=\"widget\" data-e-type=\"widget\" data-widget_type=\"button.default\">\n\t\t\t\t<div class=\"elementor-widget-container\">\n\t\t\t\t\t\t\t\t\t<div class=\"elementor-button-wrapper\">\n\t\t\t\t\t<a class=\"elementor-button elementor-button-link elementor-size-sm\" href=\"http:\/\/www.happypolka.eu\/index.php\/2022\/09\/15\/aromaterapia\/\">\n\t\t\t\t\t\t<span class=\"elementor-button-content-wrapper\">\n\t\t\t\t\t\t\t\t\t<span class=\"elementor-button-text\">Wi\u0119cej<\/span>\n\t\t\t\t\t<\/span>\n\t\t\t\t\t<\/a>\n\t\t\t\t<\/div>\n\t\t\t\t\t\t\t\t<\/div>\n\t\t\t\t<\/div>\n\t\t\t\t\t<\/div>\n\t\t<\/div>\n\t\t\t\t\t<\/div>\n\t\t<\/section>\n\t\t\t\t<\/div>\n\t\t","protected":false},"excerpt":{"rendered":"<p>Ju\u017c wkr\u00f3tce&#8230;. Wi\u0119cej<\/p>\n","protected":false},"author":1,"featured_media":0,"parent":0,"menu_order":0,"comment_status":"closed","ping_status":"closed","template":"","meta":{"footnotes":""},"class_list":["post-155","page","type-page","status-publish","hentry","latest_post"],"yoast_head":"<!-- This site is optimized with the Yoast SEO plugin v27.1.1 - https:\/\/yoast.com\/product\/yoast-seo-wordpress\/ -->\n<title>Zdrowie z natury -<\/title>\n<meta name=\"description\" content=\"zdrowie z natury, natura dla zdrowia, natura wie lepiej, naturalnie, ro\u015bliny dla zdrowia, zdrowie z ro\u015blin,\" \/>\n<meta name=\"robots\" content=\"index, follow, max-snippet:-1, max-image-preview:large, max-video-preview:-1\" \/>\n<link rel=\"canonical\" href=\"https:\/\/www.happypolka.eu\/index.php\/zdrowie-z-natury\/\" \/>\n<meta property=\"og:locale\" content=\"pl_PL\" \/>\n<meta property=\"og:type\" content=\"article\" \/>\n<meta property=\"og:title\" content=\"Zdrowie z natury -\" \/>\n<meta property=\"og:description\" content=\"zdrowie z natury, natura dla zdrowia, natura wie lepiej, naturalnie, ro\u015bliny dla zdrowia, zdrowie z ro\u015blin,\" \/>\n<meta property=\"og:url\" content=\"https:\/\/www.happypolka.eu\/index.php\/zdrowie-z-natury\/\" \/>\n<meta property=\"article:modified_time\" content=\"2022-11-10T16:28:00+00:00\" \/>\n<meta property=\"og:image\" content=\"https:\/\/www.happypolka.eu\/wp-content\/plugins\/elementor\/assets\/images\/placeholder.png\" \/>\n<meta name=\"twitter:card\" content=\"summary_large_image\" \/>\n<meta name=\"twitter:label1\" content=\"Szacowany czas czytania\" \/>\n\t<meta name=\"twitter:data1\" content=\"1 minuta\" \/>\n<script type=\"application\/ld+json\" class=\"yoast-schema-graph\">{\"@context\":\"https:\/\/schema.org\",\"@graph\":[{\"@type\":\"WebPage\",\"@id\":\"https:\/\/www.happypolka.eu\/index.php\/zdrowie-z-natury\/\",\"url\":\"https:\/\/www.happypolka.eu\/index.php\/zdrowie-z-natury\/\",\"name\":\"Zdrowie z natury -\",\"isPartOf\":{\"@id\":\"https:\/\/www.happypolka.eu\/#website\"},\"primaryImageOfPage\":{\"@id\":\"https:\/\/www.happypolka.eu\/index.php\/zdrowie-z-natury\/#primaryimage\"},\"image\":{\"@id\":\"https:\/\/www.happypolka.eu\/index.php\/zdrowie-z-natury\/#primaryimage\"},\"thumbnailUrl\":\"https:\/\/www.happypolka.eu\/wp-content\/plugins\/elementor\/assets\/images\/placeholder.png\",\"datePublished\":\"2022-09-01T13:25:05+00:00\",\"dateModified\":\"2022-11-10T16:28:00+00:00\",\"description\":\"zdrowie z natury, natura dla zdrowia, natura wie lepiej, naturalnie, ro\u015bliny dla zdrowia, zdrowie z ro\u015blin,\",\"breadcrumb\":{\"@id\":\"https:\/\/www.happypolka.eu\/index.php\/zdrowie-z-natury\/#breadcrumb\"},\"inLanguage\":\"pl-PL\",\"potentialAction\":[{\"@type\":\"ReadAction\",\"target\":[\"https:\/\/www.happypolka.eu\/index.php\/zdrowie-z-natury\/\"]}]},{\"@type\":\"ImageObject\",\"inLanguage\":\"pl-PL\",\"@id\":\"https:\/\/www.happypolka.eu\/index.php\/zdrowie-z-natury\/#primaryimage\",\"url\":\"https:\/\/www.happypolka.eu\/wp-content\/plugins\/elementor\/assets\/images\/placeholder.png\",\"contentUrl\":\"https:\/\/www.happypolka.eu\/wp-content\/plugins\/elementor\/assets\/images\/placeholder.png\"},{\"@type\":\"BreadcrumbList\",\"@id\":\"https:\/\/www.happypolka.eu\/index.php\/zdrowie-z-natury\/#breadcrumb\",\"itemListElement\":[{\"@type\":\"ListItem\",\"position\":1,\"name\":\"Strona g\u0142\u00f3wna\",\"item\":\"https:\/\/www.happypolka.eu\/\"},{\"@type\":\"ListItem\",\"position\":2,\"name\":\"Zdrowie z natury\"}]},{\"@type\":\"WebSite\",\"@id\":\"https:\/\/www.happypolka.eu\/#website\",\"url\":\"https:\/\/www.happypolka.eu\/\",\"name\":\"\",\"description\":\"\",\"potentialAction\":[{\"@type\":\"SearchAction\",\"target\":{\"@type\":\"EntryPoint\",\"urlTemplate\":\"https:\/\/www.happypolka.eu\/?s={search_term_string}\"},\"query-input\":{\"@type\":\"PropertyValueSpecification\",\"valueRequired\":true,\"valueName\":\"search_term_string\"}}],\"inLanguage\":\"pl-PL\"}]}<\/script>\n<!-- \/ Yoast SEO plugin. -->","yoast_head_json":{"title":"Zdrowie z natury -","description":"zdrowie z natury, natura dla zdrowia, natura wie lepiej, naturalnie, ro\u015bliny dla zdrowia, zdrowie z ro\u015blin,","robots":{"index":"index","follow":"follow","max-snippet":"max-snippet:-1","max-image-preview":"max-image-preview:large","max-video-preview":"max-video-preview:-1"},"canonical":"https:\/\/www.happypolka.eu\/index.php\/zdrowie-z-natury\/","og_locale":"pl_PL","og_type":"article","og_title":"Zdrowie z natury -","og_description":"zdrowie z natury, natura dla zdrowia, natura wie lepiej, naturalnie, ro\u015bliny dla zdrowia, zdrowie z ro\u015blin,","og_url":"https:\/\/www.happypolka.eu\/index.php\/zdrowie-z-natury\/","article_modified_time":"2022-11-10T16:28:00+00:00","og_image":[{"url":"https:\/\/www.happypolka.eu\/wp-content\/plugins\/elementor\/assets\/images\/placeholder.png","type":"","width":"","height":""}],"twitter_card":"summary_large_image","twitter_misc":{"Szacowany czas czytania":"1 minuta"},"schema":{"@context":"https:\/\/schema.org","@graph":[{"@type":"WebPage","@id":"https:\/\/www.happypolka.eu\/index.php\/zdrowie-z-natury\/","url":"https:\/\/www.happypolka.eu\/index.php\/zdrowie-z-natury\/","name":"Zdrowie z natury -","isPartOf":{"@id":"https:\/\/www.happypolka.eu\/#website"},"primaryImageOfPage":{"@id":"https:\/\/www.happypolka.eu\/index.php\/zdrowie-z-natury\/#primaryimage"},"image":{"@id":"https:\/\/www.happypolka.eu\/index.php\/zdrowie-z-natury\/#primaryimage"},"thumbnailUrl":"https:\/\/www.happypolka.eu\/wp-content\/plugins\/elementor\/assets\/images\/placeholder.png","datePublished":"2022-09-01T13:25:05+00:00","dateModified":"2022-11-10T16:28:00+00:00","description":"zdrowie z natury, natura dla zdrowia, natura wie lepiej, naturalnie, ro\u015bliny dla zdrowia, zdrowie z ro\u015blin,","breadcrumb":{"@id":"https:\/\/www.happypolka.eu\/index.php\/zdrowie-z-natury\/#breadcrumb"},"inLanguage":"pl-PL","potentialAction":[{"@type":"ReadAction","target":["https:\/\/www.happypolka.eu\/index.php\/zdrowie-z-natury\/"]}]},{"@type":"ImageObject","inLanguage":"pl-PL","@id":"https:\/\/www.happypolka.eu\/index.php\/zdrowie-z-natury\/#primaryimage","url":"https:\/\/www.happypolka.eu\/wp-content\/plugins\/elementor\/assets\/images\/placeholder.png","contentUrl":"https:\/\/www.happypolka.eu\/wp-content\/plugins\/elementor\/assets\/images\/placeholder.png"},{"@type":"BreadcrumbList","@id":"https:\/\/www.happypolka.eu\/index.php\/zdrowie-z-natury\/#breadcrumb","itemListElement":[{"@type":"ListItem","position":1,"name":"Strona g\u0142\u00f3wna","item":"https:\/\/www.happypolka.eu\/"},{"@type":"ListItem","position":2,"name":"Zdrowie z natury"}]},{"@type":"WebSite","@id":"https:\/\/www.happypolka.eu\/#website","url":"https:\/\/www.happypolka.eu\/","name":"","description":"","potentialAction":[{"@type":"SearchAction","target":{"@type":"EntryPoint","urlTemplate":"https:\/\/www.happypolka.eu\/?s={search_term_string}"},"query-input":{"@type":"PropertyValueSpecification","valueRequired":true,"valueName":"search_term_string"}}],"inLanguage":"pl-PL"}]}},"_links":{"self":[{"href":"https:\/\/www.happypolka.eu\/index.php\/wp-json\/wp\/v2\/pages\/155","targetHints":{"allow":["GET"]}}],"collection":[{"href":"https:\/\/www.happypolka.eu\/index.php\/wp-json\/wp\/v2\/pages"}],"about":[{"href":"https:\/\/www.happypolka.eu\/index.php\/wp-json\/wp\/v2\/types\/page"}],"author":[{"embeddable":true,"href":"https:\/\/www.happypolka.eu\/index.php\/wp-json\/wp\/v2\/users\/1"}],"replies":[{"embeddable":true,"href":"https:\/\/www.happypolka.eu\/index.php\/wp-json\/wp\/v2\/comments?post=155"}],"version-history":[{"count":17,"href":"https:\/\/www.happypolka.eu\/index.php\/wp-json\/wp\/v2\/pages\/155\/revisions"}],"predecessor-version":[{"id":905,"href":"https:\/\/www.happypolka.eu\/index.php\/wp-json\/wp\/v2\/pages\/155\/revisions\/905"}],"wp:attachment":[{"href":"https:\/\/www.happypolka.eu\/index.php\/wp-json\/wp\/v2\/media?parent=155"}],"curies":[{"name":"wp","href":"https:\/\/api.w.org\/{rel}","templated":true}]}}