{"id":186,"date":"2022-09-01T15:37:34","date_gmt":"2022-09-01T13:37:34","guid":{"rendered":"http:\/\/www.happypolka.eu\/?page_id=186"},"modified":"2025-01-03T21:45:44","modified_gmt":"2025-01-03T20:45:44","slug":"diy","status":"publish","type":"page","link":"https:\/\/www.happypolka.eu\/index.php\/diy\/","title":{"rendered":"DIY"},"content":{"rendered":"\t\t<div data-elementor-type=\"wp-page\" data-elementor-id=\"186\" class=\"elementor elementor-186\">\n\t\t\t\t\t\t<section class=\"elementor-section elementor-top-section elementor-element elementor-element-ba330ab elementor-section-boxed elementor-section-height-default elementor-section-height-default\" data-id=\"ba330ab\" data-element_type=\"section\" data-e-type=\"section\">\n\t\t\t\t\t\t<div class=\"elementor-container elementor-column-gap-default\">\n\t\t\t\t\t<div class=\"elementor-column elementor-col-20 elementor-top-column elementor-element elementor-element-b2bcf3f\" data-id=\"b2bcf3f\" data-element_type=\"column\" data-e-type=\"column\">\n\t\t\t<div class=\"elementor-widget-wrap elementor-element-populated\">\n\t\t\t\t\t\t<div class=\"elementor-element elementor-element-d6b8d49 elementor-widget elementor-widget-text-editor\" data-id=\"d6b8d49\" data-element_type=\"widget\" data-e-type=\"widget\" data-widget_type=\"text-editor.default\">\n\t\t\t\t<div class=\"elementor-widget-container\">\n\t\t\t\t\t\t\t\t\t<h6>P\u0142yn do sprz\u0105tania<\/h6>\t\t\t\t\t\t\t\t<\/div>\n\t\t\t\t<\/div>\n\t\t\t\t<div class=\"elementor-element elementor-element-97aa015 elementor-widget elementor-widget-video\" data-id=\"97aa015\" data-element_type=\"widget\" data-e-type=\"widget\" data-settings=\"{&quot;youtube_url&quot;:&quot;https:\\\/\\\/www.youtube.com\\\/watch?v=7ZVJAvj53Rc&quot;,&quot;video_type&quot;:&quot;youtube&quot;,&quot;controls&quot;:&quot;yes&quot;}\" data-widget_type=\"video.default\">\n\t\t\t\t<div class=\"elementor-widget-container\">\n\t\t\t\t\t\t\t<div class=\"elementor-wrapper elementor-open-inline\">\n\t\t\t<div class=\"elementor-video\"><\/div>\t\t<\/div>\n\t\t\t\t\t\t<\/div>\n\t\t\t\t<\/div>\n\t\t\t\t\t<\/div>\n\t\t<\/div>\n\t\t\t\t<div class=\"elementor-column elementor-col-20 elementor-top-column elementor-element elementor-element-1635a28\" data-id=\"1635a28\" data-element_type=\"column\" data-e-type=\"column\">\n\t\t\t<div class=\"elementor-widget-wrap elementor-element-populated\">\n\t\t\t\t\t\t<div class=\"elementor-element elementor-element-58308ae elementor-widget elementor-widget-text-editor\" data-id=\"58308ae\" data-element_type=\"widget\" data-e-type=\"widget\" data-widget_type=\"text-editor.default\">\n\t\t\t\t<div class=\"elementor-widget-container\">\n\t\t\t\t\t\t\t\t\t<h6>Mas\u0142o nawil\u017caj\u0105ce\u00a0<\/h6>\t\t\t\t\t\t\t\t<\/div>\n\t\t\t\t<\/div>\n\t\t\t\t<div class=\"elementor-element elementor-element-909895f elementor-widget elementor-widget-video\" data-id=\"909895f\" data-element_type=\"widget\" data-e-type=\"widget\" data-settings=\"{&quot;youtube_url&quot;:&quot;https:\\\/\\\/youtu.be\\\/LyHI5VWCFUs&quot;,&quot;video_type&quot;:&quot;youtube&quot;,&quot;controls&quot;:&quot;yes&quot;}\" data-widget_type=\"video.default\">\n\t\t\t\t<div class=\"elementor-widget-container\">\n\t\t\t\t\t\t\t<div class=\"elementor-wrapper elementor-open-inline\">\n\t\t\t<div class=\"elementor-video\"><\/div>\t\t<\/div>\n\t\t\t\t\t\t<\/div>\n\t\t\t\t<\/div>\n\t\t\t\t\t<\/div>\n\t\t<\/div>\n\t\t\t\t<div class=\"elementor-column elementor-col-20 elementor-top-column elementor-element elementor-element-2e02c33\" data-id=\"2e02c33\" data-element_type=\"column\" data-e-type=\"column\">\n\t\t\t<div class=\"elementor-widget-wrap elementor-element-populated\">\n\t\t\t\t\t\t<div class=\"elementor-element elementor-element-c8dff32 elementor-widget__width-initial elementor-widget elementor-widget-text-editor\" data-id=\"c8dff32\" data-element_type=\"widget\" data-e-type=\"widget\" data-widget_type=\"text-editor.default\">\n\t\t\t\t<div class=\"elementor-widget-container\">\n\t\t\t\t\t\t\t\t\t<h6>Olej do oczyszczania\u00a0<\/h6>\t\t\t\t\t\t\t\t<\/div>\n\t\t\t\t<\/div>\n\t\t\t\t<div class=\"elementor-element elementor-element-022bc14 elementor-absolute elementor-widget elementor-widget-video\" data-id=\"022bc14\" data-element_type=\"widget\" data-e-type=\"widget\" data-settings=\"{&quot;youtube_url&quot;:&quot;https:\\\/\\\/www.youtube.com\\\/watch?v=b3WiMDD0fJo&quot;,&quot;_position&quot;:&quot;absolute&quot;,&quot;video_type&quot;:&quot;youtube&quot;,&quot;controls&quot;:&quot;yes&quot;}\" data-widget_type=\"video.default\">\n\t\t\t\t<div class=\"elementor-widget-container\">\n\t\t\t\t\t\t\t<div class=\"elementor-wrapper elementor-open-inline\">\n\t\t\t<div class=\"elementor-video\"><\/div>\t\t<\/div>\n\t\t\t\t\t\t<\/div>\n\t\t\t\t<\/div>\n\t\t\t\t\t<\/div>\n\t\t<\/div>\n\t\t\t\t<div class=\"elementor-column elementor-col-20 elementor-top-column elementor-element elementor-element-53c19d8\" data-id=\"53c19d8\" data-element_type=\"column\" data-e-type=\"column\">\n\t\t\t<div class=\"elementor-widget-wrap elementor-element-populated\">\n\t\t\t\t\t\t<div class=\"elementor-element elementor-element-920296c elementor-widget elementor-widget-text-editor\" data-id=\"920296c\" data-element_type=\"widget\" data-e-type=\"widget\" data-widget_type=\"text-editor.default\">\n\t\t\t\t<div class=\"elementor-widget-container\">\n\t\t\t\t\t\t\t\t\t<h6>Peeling kawowy<\/h6>\t\t\t\t\t\t\t\t<\/div>\n\t\t\t\t<\/div>\n\t\t\t\t<div class=\"elementor-element elementor-element-a5ea528 elementor-widget elementor-widget-video\" data-id=\"a5ea528\" data-element_type=\"widget\" data-e-type=\"widget\" data-settings=\"{&quot;youtube_url&quot;:&quot;https:\\\/\\\/youtu.be\\\/TEB8rysUurA&quot;,&quot;video_type&quot;:&quot;youtube&quot;,&quot;controls&quot;:&quot;yes&quot;}\" data-widget_type=\"video.default\">\n\t\t\t\t<div class=\"elementor-widget-container\">\n\t\t\t\t\t\t\t<div class=\"elementor-wrapper elementor-open-inline\">\n\t\t\t<div class=\"elementor-video\"><\/div>\t\t<\/div>\n\t\t\t\t\t\t<\/div>\n\t\t\t\t<\/div>\n\t\t\t\t\t<\/div>\n\t\t<\/div>\n\t\t\t\t<div class=\"elementor-column elementor-col-20 elementor-top-column elementor-element elementor-element-582afe9\" data-id=\"582afe9\" data-element_type=\"column\" data-e-type=\"column\">\n\t\t\t<div class=\"elementor-widget-wrap elementor-element-populated\">\n\t\t\t\t\t\t\t<\/div>\n\t\t<\/div>\n\t\t\t\t\t<\/div>\n\t\t<\/section>\n\t\t\t\t<\/div>\n\t\t","protected":false},"excerpt":{"rendered":"<p>P\u0142yn do sprz\u0105tania https:\/\/www.youtube.com\/watch?v=7ZVJAvj53Rc Mas\u0142o nawil\u017caj\u0105ce\u00a0 https:\/\/youtu.be\/LyHI5VWCFUs Olej do oczyszczania\u00a0 https:\/\/www.youtube.com\/watch?v=b3WiMDD0fJo Peeling kawowy https:\/\/youtu.be\/TEB8rysUurA<\/p>\n","protected":false},"author":1,"featured_media":0,"parent":0,"menu_order":0,"comment_status":"closed","ping_status":"closed","template":"","meta":{"footnotes":""},"class_list":["post-186","page","type-page","status-publish","hentry","latest_post"],"yoast_head":"<!-- This site is optimized with the Yoast SEO plugin v27.1.1 - https:\/\/yoast.com\/product\/yoast-seo-wordpress\/ -->\n<title>DIY -<\/title>\n<meta name=\"description\" content=\"DIY, do it yourself, kosmetyki diy, zr\u00f3b to sam, r\u0119cznie robione, kosmetyki w\u0142asnor\u0119cznie wykonane, domowe kosmetyki\" \/>\n<meta name=\"robots\" content=\"index, follow, max-snippet:-1, max-image-preview:large, max-video-preview:-1\" \/>\n<link rel=\"canonical\" href=\"https:\/\/www.happypolka.eu\/index.php\/diy\/\" \/>\n<meta property=\"og:locale\" content=\"pl_PL\" \/>\n<meta property=\"og:type\" content=\"article\" \/>\n<meta property=\"og:title\" content=\"DIY -\" \/>\n<meta property=\"og:description\" content=\"DIY, do it yourself, kosmetyki diy, zr\u00f3b to sam, r\u0119cznie robione, kosmetyki w\u0142asnor\u0119cznie wykonane, domowe kosmetyki\" \/>\n<meta property=\"og:url\" content=\"https:\/\/www.happypolka.eu\/index.php\/diy\/\" \/>\n<meta property=\"article:modified_time\" content=\"2025-01-03T20:45:44+00:00\" \/>\n<meta name=\"twitter:card\" content=\"summary_large_image\" \/>\n<meta name=\"twitter:label1\" content=\"Szacowany czas czytania\" \/>\n\t<meta name=\"twitter:data1\" content=\"1 minuta\" \/>\n<script type=\"application\/ld+json\" class=\"yoast-schema-graph\">{\"@context\":\"https:\/\/schema.org\",\"@graph\":[{\"@type\":\"WebPage\",\"@id\":\"https:\/\/www.happypolka.eu\/index.php\/diy\/\",\"url\":\"https:\/\/www.happypolka.eu\/index.php\/diy\/\",\"name\":\"DIY -\",\"isPartOf\":{\"@id\":\"https:\/\/www.happypolka.eu\/#website\"},\"datePublished\":\"2022-09-01T13:37:34+00:00\",\"dateModified\":\"2025-01-03T20:45:44+00:00\",\"description\":\"DIY, do it yourself, kosmetyki diy, zr\u00f3b to sam, r\u0119cznie robione, kosmetyki w\u0142asnor\u0119cznie wykonane, domowe kosmetyki\",\"breadcrumb\":{\"@id\":\"https:\/\/www.happypolka.eu\/index.php\/diy\/#breadcrumb\"},\"inLanguage\":\"pl-PL\",\"potentialAction\":[{\"@type\":\"ReadAction\",\"target\":[\"https:\/\/www.happypolka.eu\/index.php\/diy\/\"]}]},{\"@type\":\"BreadcrumbList\",\"@id\":\"https:\/\/www.happypolka.eu\/index.php\/diy\/#breadcrumb\",\"itemListElement\":[{\"@type\":\"ListItem\",\"position\":1,\"name\":\"Strona g\u0142\u00f3wna\",\"item\":\"https:\/\/www.happypolka.eu\/\"},{\"@type\":\"ListItem\",\"position\":2,\"name\":\"DIY\"}]},{\"@type\":\"WebSite\",\"@id\":\"https:\/\/www.happypolka.eu\/#website\",\"url\":\"https:\/\/www.happypolka.eu\/\",\"name\":\"\",\"description\":\"\",\"potentialAction\":[{\"@type\":\"SearchAction\",\"target\":{\"@type\":\"EntryPoint\",\"urlTemplate\":\"https:\/\/www.happypolka.eu\/?s={search_term_string}\"},\"query-input\":{\"@type\":\"PropertyValueSpecification\",\"valueRequired\":true,\"valueName\":\"search_term_string\"}}],\"inLanguage\":\"pl-PL\"}]}<\/script>\n<!-- \/ Yoast SEO plugin. -->","yoast_head_json":{"title":"DIY -","description":"DIY, do it yourself, kosmetyki diy, zr\u00f3b to sam, r\u0119cznie robione, kosmetyki w\u0142asnor\u0119cznie wykonane, domowe kosmetyki","robots":{"index":"index","follow":"follow","max-snippet":"max-snippet:-1","max-image-preview":"max-image-preview:large","max-video-preview":"max-video-preview:-1"},"canonical":"https:\/\/www.happypolka.eu\/index.php\/diy\/","og_locale":"pl_PL","og_type":"article","og_title":"DIY -","og_description":"DIY, do it yourself, kosmetyki diy, zr\u00f3b to sam, r\u0119cznie robione, kosmetyki w\u0142asnor\u0119cznie wykonane, domowe kosmetyki","og_url":"https:\/\/www.happypolka.eu\/index.php\/diy\/","article_modified_time":"2025-01-03T20:45:44+00:00","twitter_card":"summary_large_image","twitter_misc":{"Szacowany czas czytania":"1 minuta"},"schema":{"@context":"https:\/\/schema.org","@graph":[{"@type":"WebPage","@id":"https:\/\/www.happypolka.eu\/index.php\/diy\/","url":"https:\/\/www.happypolka.eu\/index.php\/diy\/","name":"DIY -","isPartOf":{"@id":"https:\/\/www.happypolka.eu\/#website"},"datePublished":"2022-09-01T13:37:34+00:00","dateModified":"2025-01-03T20:45:44+00:00","description":"DIY, do it yourself, kosmetyki diy, zr\u00f3b to sam, r\u0119cznie robione, kosmetyki w\u0142asnor\u0119cznie wykonane, domowe kosmetyki","breadcrumb":{"@id":"https:\/\/www.happypolka.eu\/index.php\/diy\/#breadcrumb"},"inLanguage":"pl-PL","potentialAction":[{"@type":"ReadAction","target":["https:\/\/www.happypolka.eu\/index.php\/diy\/"]}]},{"@type":"BreadcrumbList","@id":"https:\/\/www.happypolka.eu\/index.php\/diy\/#breadcrumb","itemListElement":[{"@type":"ListItem","position":1,"name":"Strona g\u0142\u00f3wna","item":"https:\/\/www.happypolka.eu\/"},{"@type":"ListItem","position":2,"name":"DIY"}]},{"@type":"WebSite","@id":"https:\/\/www.happypolka.eu\/#website","url":"https:\/\/www.happypolka.eu\/","name":"","description":"","potentialAction":[{"@type":"SearchAction","target":{"@type":"EntryPoint","urlTemplate":"https:\/\/www.happypolka.eu\/?s={search_term_string}"},"query-input":{"@type":"PropertyValueSpecification","valueRequired":true,"valueName":"search_term_string"}}],"inLanguage":"pl-PL"}]}},"_links":{"self":[{"href":"https:\/\/www.happypolka.eu\/index.php\/wp-json\/wp\/v2\/pages\/186","targetHints":{"allow":["GET"]}}],"collection":[{"href":"https:\/\/www.happypolka.eu\/index.php\/wp-json\/wp\/v2\/pages"}],"about":[{"href":"https:\/\/www.happypolka.eu\/index.php\/wp-json\/wp\/v2\/types\/page"}],"author":[{"embeddable":true,"href":"https:\/\/www.happypolka.eu\/index.php\/wp-json\/wp\/v2\/users\/1"}],"replies":[{"embeddable":true,"href":"https:\/\/www.happypolka.eu\/index.php\/wp-json\/wp\/v2\/comments?post=186"}],"version-history":[{"count":32,"href":"https:\/\/www.happypolka.eu\/index.php\/wp-json\/wp\/v2\/pages\/186\/revisions"}],"predecessor-version":[{"id":1659,"href":"https:\/\/www.happypolka.eu\/index.php\/wp-json\/wp\/v2\/pages\/186\/revisions\/1659"}],"wp:attachment":[{"href":"https:\/\/www.happypolka.eu\/index.php\/wp-json\/wp\/v2\/media?parent=186"}],"curies":[{"name":"wp","href":"https:\/\/api.w.org\/{rel}","templated":true}]}}